{"id":468,"date":"2018-10-09T12:34:42","date_gmt":"2018-10-09T12:34:42","guid":{"rendered":"http:\/\/rentenberater-kreft.de\/?page_id=468"},"modified":"2023-06-09T12:56:58","modified_gmt":"2023-06-09T12:56:58","slug":"zulassungsurkunden","status":"publish","type":"page","link":"https:\/\/rentenberater-kreft.de\/?page_id=468","title":{"rendered":"Zulassungsurkunden"},"content":{"rendered":"<p style=\"text-align: center; background: #CCCCCC;\" align=\"center\"><span style=\"font-size: 13.5pt; font-family: 'Verdana','sans-serif'; color: #cccccc;\">.<\/span><b><u><span style=\"font-size: 10.5pt; font-family: 'Verdana','sans-serif'; color: black;\">Ausz\u00fcge der Zulassungen der Rentenberater<\/span><\/u><\/b><\/p>\n<p style=\"background: #CCCCCC;\"><span style=\"font-size: 10.0pt; font-family: 'Verdana','sans-serif'; color: black;\">Die Zulassungsurkunde des Pr\u00e4sidenten des Amtsgerichts Kiel best\u00e4tigt:<\/span><\/p>\n<p><i>Frau Jennifer Jacobsen in Kiel ist gem\u00e4\u00df Art. 1 \u00a7 1 Abs. 1 Nr. 1 des Rechts-<br \/>\nberatungsgesetzes die Erlaubnis zur Besorgung fremder Rechtsangelegenheiten<br \/>\nmit der Beschr\u00e4nkung auf die Angelegenheiten der gesetzlichen Rentenversicherung (Sozialgesetzbuch VI) erteilt worden. 8.August 2007<\/i><\/p>\n<p><b>Die Berufsbezeichnung lautet: Rentenberaterin<\/b><\/p>\n<p>&nbsp;<\/p>\n<table style=\"height: 252px;\" width=\"694\">\n<tbody>\n<tr>\n<td>\n<table class=\" aligncenter\" style=\"height: 228px;\" width=\"751\">\n<tbody>\n<tr>\n<td width=\"133\"><strong>Berater<\/strong><\/td>\n<td width=\"132\"><strong>Aktenzeichen<\/strong><\/td>\n<td width=\"140\"><strong>Zulassung<\/strong><\/td>\n<td width=\"153\"><strong>Registrierung<\/strong><\/td>\n<\/tr>\n<tr>\n<td><strong>Jennifer Jacobsen<\/strong><\/td>\n<td>371 E<\/td>\n<td><a href=\"http:\/\/rentenberater-kreft.de\/wp-content\/uploads\/2018\/10\/Erlaubnis2.pdf\">PDF-Datei Hier<\/a><\/td>\n<td><a href=\"http:\/\/rentenberater-kreft.de\/wp-content\/uploads\/2018\/10\/Erlaubnis2.pdf\">PDF-Datei Hier<\/a><\/td>\n<\/tr>\n<tr>\n<td><\/td>\n<td><\/td>\n<td><\/td>\n<td><\/td>\n<\/tr>\n<tr>\n<td><strong>Cornelia Karstens<\/strong><\/td>\n<td>3712 E a &#8211; 120<\/td>\n<td><a href=\"http:\/\/rentenberater-kreft.de\/wp-content\/uploads\/2018\/10\/Reg-Karstens.pdf\">PDF-Datei\u00a0HIER<\/a><\/td>\n<td><a href=\"http:\/\/rentenberater-kreft.de\/wp-content\/uploads\/2018\/10\/Reg-Karstens.pdf\">PDF-Datei HIER<\/a><\/td>\n<\/tr>\n<\/tbody>\n<\/table>\n<\/td>\n<\/tr>\n<\/tbody>\n<\/table>\n","protected":false},"excerpt":{"rendered":"<p>.Ausz\u00fcge der Zulassungen der Rentenberater Die Zulassungsurkunde des Pr\u00e4sidenten des Amtsgerichts Kiel best\u00e4tigt: Frau Jennifer Jacobsen in Kiel ist gem\u00e4\u00df Art. 1 \u00a7 1 Abs. 1 Nr. 1 des Rechts- beratungsgesetzes die Erlaubnis zur Besorgung fremder Rechtsangelegenheiten mit der Beschr\u00e4nkung auf die Angelegenheiten der gesetzlichen Rentenversicherung (Sozialgesetzbuch VI) erteilt worden. 8.August 2007 Die Berufsbezeichnung lautet: &hellip; <a href=\"https:\/\/rentenberater-kreft.de\/?page_id=468\" class=\"more-link\"><span class=\"screen-reader-text\">&#8222;Zulassungsurkunden&#8220; <\/span>weiterlesen<\/a><\/p>\n","protected":false},"author":1,"featured_media":0,"parent":0,"menu_order":0,"comment_status":"closed","ping_status":"closed","template":"","meta":{"footnotes":""},"_links":{"self":[{"href":"https:\/\/rentenberater-kreft.de\/index.php?rest_route=\/wp\/v2\/pages\/468"}],"collection":[{"href":"https:\/\/rentenberater-kreft.de\/index.php?rest_route=\/wp\/v2\/pages"}],"about":[{"href":"https:\/\/rentenberater-kreft.de\/index.php?rest_route=\/wp\/v2\/types\/page"}],"author":[{"embeddable":true,"href":"https:\/\/rentenberater-kreft.de\/index.php?rest_route=\/wp\/v2\/users\/1"}],"replies":[{"embeddable":true,"href":"https:\/\/rentenberater-kreft.de\/index.php?rest_route=%2Fwp%2Fv2%2Fcomments&post=468"}],"version-history":[{"count":14,"href":"https:\/\/rentenberater-kreft.de\/index.php?rest_route=\/wp\/v2\/pages\/468\/revisions"}],"predecessor-version":[{"id":677,"href":"https:\/\/rentenberater-kreft.de\/index.php?rest_route=\/wp\/v2\/pages\/468\/revisions\/677"}],"wp:attachment":[{"href":"https:\/\/rentenberater-kreft.de\/index.php?rest_route=%2Fwp%2Fv2%2Fmedia&parent=468"}],"curies":[{"name":"wp","href":"https:\/\/api.w.org\/{rel}","templated":true}]}}