{"id":112,"date":"2018-06-09T14:29:43","date_gmt":"2018-06-09T12:29:43","guid":{"rendered":"http:\/\/djpolski.de\/?page_id=112"},"modified":"2018-10-28T20:31:24","modified_gmt":"2018-10-28T20:31:24","slug":"impressum","status":"publish","type":"page","link":"https:\/\/rentenberater-kreft.de\/?page_id=112","title":{"rendered":"Impressum"},"content":{"rendered":"<div class=\"n module-type-header diyfeLiveArea \">\n<h1><\/h1>\n<\/div>\n<div class=\"n module-type-text diyfeLiveArea \">\n<h4>Angaben gem\u00e4\u00df \u00a7 5 TMG:<\/h4>\n<p><strong>Verantwortlich f\u00fcr den Inhalt dieser Seite sowie Ansprechpartner:<\/strong><\/p>\n<p><strong>Rentenberaterin<br \/>\nJennifer Jacobsen<br \/>\nHeckenrosenweg 9a<br \/>\n24113 Kiel<\/strong><\/p>\n<table width=\"100%\">\n<tbody>\n<tr>\n<td width=\"117\">Telefon:<\/td>\n<td width=\"215\">+49 (0) 4 31 &#8211; 68 25 15<\/td>\n<\/tr>\n<tr>\n<td>Telefax:<\/td>\n<td>+49 (0) 4 31 &#8211; 64 27 83<\/td>\n<\/tr>\n<tr>\n<td>E-Mail:<\/td>\n<td><a href=\"mailto:info@rentenberater-kreft.de\">info@<\/a><a href=\"mailto:info@rentenberater-kreft.de\">rentenberater-kreft.de<\/a><\/td>\n<\/tr>\n<tr>\n<td>Internet:<\/td>\n<td><a href=\"http:\/\/www.rentenberater-kreft.de\/\">www.<\/a><a href=\"http:\/\/www.rentenberater-kreft.de\/\">rentenberater-kreft.de<\/a><\/td>\n<\/tr>\n<\/tbody>\n<\/table>\n<p>Berufsbezeichnung:\u00a0<strong>Rentenberaterin<\/strong><\/p>\n<p>Die berufsrechtlichen Regelungen ergeben sich aus dem Rechtsberatungsgesetz (RBerG) und den hierzu ergangenen Ausf\u00fchrungsverordnungen.<\/p>\n<p>Verg\u00fctungsgrundlage ist das Gesetz \u00fcber die Verg\u00fctung der Rechtsanw\u00e4ltinnen und Rechtsanw\u00e4lte (kurz: RVG)<\/p>\n<table width=\"100%\">\n<tbody>\n<tr>\n<td width=\"161\"><strong>Steuernummer<\/strong><\/td>\n<td width=\"351\">200 67 60 12<\/td>\n<\/tr>\n<tr>\n<td><strong>Zulassungsbeh\u00f6rde:<\/strong><\/td>\n<td>Amtsgericht Kiel Az: 371 E<\/td>\n<\/tr>\n<\/tbody>\n<\/table>\n<div class=\"n module-type-text diyfeLiveArea \">\n<p><span style=\"font-size: 33px; font-weight: 900;\">Haftungsausschluss (Disclaimer)<\/span><\/p>\n<\/div>\n<p><strong>Haftung f\u00fcr Inhalte<\/strong><\/p>\n<p>Als Diensteanbieter sind wir gem\u00e4\u00df \u00a7 7 Abs.1 TMG f\u00fcr eigene Inhalte auf diesen Seiten nach den allgemeinen Gesetzen verantwortlich. Nach \u00a7\u00a7 8 bis 10 TMG sind wir als Diensteanbieter jedoch nicht verpflichtet, \u00fcbermittelte oder gespeicherte fremde Informationen zu \u00fcberwachen oder nach Umst\u00e4nden zu forschen, die auf eine rechtswidrige T\u00e4tigkeit hinweisen. Verpflichtungen zur Entfernung oder Sperrung der Nutzung von Informationen nach den allgemeinen Gesetzen bleiben hiervon unber\u00fchrt. Eine diesbez\u00fcgliche Haftung ist jedoch erst ab dem Zeitpunkt der Kenntnis einer konkreten Rechtsverletzung m\u00f6glich. Bei Bekanntwerden von entsprechenden Rechtsverletzungen werden wir diese Inhalte umgehend entfernen.<\/p>\n<p><strong>Haftung f\u00fcr Links<\/strong><\/p>\n<p>Unser Angebot enth\u00e4lt Links zu externen Webseiten Dritter, auf deren Inhalte wir keinen Einfluss haben. Deshalb k\u00f6nnen wir f\u00fcr diese fremden Inhalte auch keine Gew\u00e4hr \u00fcbernehmen. F\u00fcr die Inhalte der verlinkten Seiten ist stets der jeweilige Anbieter oder Betreiber der Seiten verantwortlich. Die verlinkten Seiten wurden zum Zeitpunkt der Verlinkung auf m\u00f6gliche Rechtsverst\u00f6\u00dfe \u00fcberpr\u00fcft. Rechtswidrige Inhalte waren zum Zeitpunkt der Verlinkung nicht erkennbar. Eine permanente inhaltliche Kontrolle der verlinkten Seiten ist jedoch ohne konkrete Anhaltspunkte einer Rechtsverletzung nicht zumutbar. Bei Bekanntwerden von Rechtsverletzungen werden wir derartige Links umgehend entfernen.<\/p>\n<p><strong>Urheberrecht<\/strong><\/p>\n<p>Die durch die Seitenbetreiber erstellten Inhalte und Werke auf diesen Seiten unterliegen dem deutschen Urheberrecht. Die Vervielf\u00e4ltigung, Bearbeitung, Verbreitung und jede Art der Verwertung au\u00dferhalb der Grenzen des Urheberrechtes bed\u00fcrfen der schriftlichen Zustimmung des jeweiligen Autors bzw. Erstellers. Downloads und Kopien dieser Seite sind nur f\u00fcr den privaten, nicht kommerziellen Gebrauch gestattet. Soweit die Inhalte auf dieser Seite nicht vom Betreiber erstellt wurden, werden die Urheberrechte Dritter beachtet. Insbesondere werden Inhalte Dritter als solche gekennzeichnet. Sollten Sie trotzdem auf eine Urheberrechtsverletzung aufmerksam werden, bitten wir um einen entsprechenden Hinweis. Bei Bekanntwerden von Rechtsverletzungen werden wir derartige Inhalte umgehend entfernen.<\/p>\n<p>&nbsp;<\/p>\n<hr \/>\n<\/div>\n<div class=\"n module-type-text diyfeLiveArea \">\n<p>&nbsp;<\/p>\n<\/div>\n","protected":false},"excerpt":{"rendered":"<p>Angaben gem\u00e4\u00df \u00a7 5 TMG: Verantwortlich f\u00fcr den Inhalt dieser Seite sowie Ansprechpartner: Rentenberaterin Jennifer Jacobsen Heckenrosenweg 9a 24113 Kiel Telefon: +49 (0) 4 31 &#8211; 68 25 15 Telefax: +49 (0) 4 31 &#8211; 64 27 83 E-Mail: info@rentenberater-kreft.de Internet: www.rentenberater-kreft.de Berufsbezeichnung:\u00a0Rentenberaterin Die berufsrechtlichen Regelungen ergeben sich aus dem Rechtsberatungsgesetz (RBerG) und den hierzu &hellip; <a href=\"https:\/\/rentenberater-kreft.de\/?page_id=112\" class=\"more-link\"><span class=\"screen-reader-text\">&#8222;Impressum&#8220; <\/span>weiterlesen<\/a><\/p>\n","protected":false},"author":1,"featured_media":0,"parent":0,"menu_order":0,"comment_status":"closed","ping_status":"closed","template":"","meta":{"footnotes":""},"_links":{"self":[{"href":"https:\/\/rentenberater-kreft.de\/index.php?rest_route=\/wp\/v2\/pages\/112"}],"collection":[{"href":"https:\/\/rentenberater-kreft.de\/index.php?rest_route=\/wp\/v2\/pages"}],"about":[{"href":"https:\/\/rentenberater-kreft.de\/index.php?rest_route=\/wp\/v2\/types\/page"}],"author":[{"embeddable":true,"href":"https:\/\/rentenberater-kreft.de\/index.php?rest_route=\/wp\/v2\/users\/1"}],"replies":[{"embeddable":true,"href":"https:\/\/rentenberater-kreft.de\/index.php?rest_route=%2Fwp%2Fv2%2Fcomments&post=112"}],"version-history":[{"count":3,"href":"https:\/\/rentenberater-kreft.de\/index.php?rest_route=\/wp\/v2\/pages\/112\/revisions"}],"predecessor-version":[{"id":456,"href":"https:\/\/rentenberater-kreft.de\/index.php?rest_route=\/wp\/v2\/pages\/112\/revisions\/456"}],"wp:attachment":[{"href":"https:\/\/rentenberater-kreft.de\/index.php?rest_route=%2Fwp%2Fv2%2Fmedia&parent=112"}],"curies":[{"name":"wp","href":"https:\/\/api.w.org\/{rel}","templated":true}]}}